{"id":61,"date":"2024-10-31T13:00:44","date_gmt":"2024-10-31T13:00:44","guid":{"rendered":"https:\/\/tennis-oberschopfheim.de\/?page_id=61"},"modified":"2025-05-06T10:47:08","modified_gmt":"2025-05-06T10:47:08","slug":"vorstandschaft","status":"publish","type":"page","link":"https:\/\/tennis-oberschopfheim.de\/?page_id=61","title":{"rendered":"Abteilungsleitung"},"content":{"rendered":"\n<div class=\"wp-block-media-text is-stacked-on-mobile\"><figure class=\"wp-block-media-text__media\"><img loading=\"lazy\" decoding=\"async\" width=\"1024\" height=\"819\" src=\"https:\/\/tennis-oberschopfheim.de\/wp-content\/uploads\/2025\/05\/img_2212-1024x819.jpg\" alt=\"\" class=\"wp-image-746 size-full\" srcset=\"https:\/\/tennis-oberschopfheim.de\/wp-content\/uploads\/2025\/05\/img_2212-1024x819.jpg 1024w, https:\/\/tennis-oberschopfheim.de\/wp-content\/uploads\/2025\/05\/img_2212-300x240.jpg 300w, https:\/\/tennis-oberschopfheim.de\/wp-content\/uploads\/2025\/05\/img_2212-768x614.jpg 768w, https:\/\/tennis-oberschopfheim.de\/wp-content\/uploads\/2025\/05\/img_2212-1536x1229.jpg 1536w, https:\/\/tennis-oberschopfheim.de\/wp-content\/uploads\/2025\/05\/img_2212.jpg 2000w\" sizes=\"auto, (max-width: 1024px) 100vw, 1024px\" \/><\/figure><div class=\"wp-block-media-text__content\">\n<p class=\"has-text-align-center has-medium-font-size\"><strong>J\u00fcrgen Seubert <\/strong><br \/>Abteilungsleiter<\/p>\n<\/div><\/div>\n\n\n\n<div class=\"wp-block-media-text has-media-on-the-right is-stacked-on-mobile\"><div class=\"wp-block-media-text__content\">\n<p class=\"has-text-align-center has-medium-font-size\"><strong>Martin Merz <\/strong><br \/>stv. Abteilungsleiter<\/p>\n<\/div><figure class=\"wp-block-media-text__media\"><img loading=\"lazy\" decoding=\"async\" width=\"1024\" height=\"819\" src=\"https:\/\/tennis-oberschopfheim.de\/wp-content\/uploads\/2025\/05\/img_2197-1024x819.jpg\" alt=\"\" class=\"wp-image-747 size-full\" srcset=\"https:\/\/tennis-oberschopfheim.de\/wp-content\/uploads\/2025\/05\/img_2197-1024x819.jpg 1024w, https:\/\/tennis-oberschopfheim.de\/wp-content\/uploads\/2025\/05\/img_2197-300x240.jpg 300w, https:\/\/tennis-oberschopfheim.de\/wp-content\/uploads\/2025\/05\/img_2197-768x614.jpg 768w, https:\/\/tennis-oberschopfheim.de\/wp-content\/uploads\/2025\/05\/img_2197-1536x1229.jpg 1536w, https:\/\/tennis-oberschopfheim.de\/wp-content\/uploads\/2025\/05\/img_2197.jpg 2000w\" sizes=\"auto, (max-width: 1024px) 100vw, 1024px\" \/><\/figure><\/div>\n\n\n\n<div class=\"wp-block-media-text is-stacked-on-mobile\"><figure class=\"wp-block-media-text__media\"><img loading=\"lazy\" decoding=\"async\" width=\"1024\" height=\"819\" src=\"https:\/\/tennis-oberschopfheim.de\/wp-content\/uploads\/2025\/05\/img_2214-1024x819.jpg\" alt=\"\" class=\"wp-image-748 size-full\" srcset=\"https:\/\/tennis-oberschopfheim.de\/wp-content\/uploads\/2025\/05\/img_2214-1024x819.jpg 1024w, https:\/\/tennis-oberschopfheim.de\/wp-content\/uploads\/2025\/05\/img_2214-300x240.jpg 300w, https:\/\/tennis-oberschopfheim.de\/wp-content\/uploads\/2025\/05\/img_2214-768x614.jpg 768w, https:\/\/tennis-oberschopfheim.de\/wp-content\/uploads\/2025\/05\/img_2214-1536x1229.jpg 1536w, https:\/\/tennis-oberschopfheim.de\/wp-content\/uploads\/2025\/05\/img_2214.jpg 2000w\" sizes=\"auto, (max-width: 1024px) 100vw, 1024px\" \/><\/figure><div class=\"wp-block-media-text__content\">\n<p class=\"has-text-align-center has-medium-font-size\"><strong>Stefanie Bruch-Kimmig<\/strong><br \/>Sportwartin<\/p>\n<\/div><\/div>\n\n\n\n<div class=\"wp-block-media-text has-media-on-the-right is-stacked-on-mobile\"><div class=\"wp-block-media-text__content\">\n<p class=\"has-text-align-center has-medium-font-size\"><strong>Rolf Hauser<\/strong><br \/>stv. Sportwart<\/p>\n<\/div><figure class=\"wp-block-media-text__media\"><img loading=\"lazy\" decoding=\"async\" width=\"512\" height=\"512\" src=\"https:\/\/tennis-oberschopfheim.de\/wp-content\/uploads\/2024\/10\/cropped-Logo.jpg\" alt=\"\" class=\"wp-image-536 size-full\" srcset=\"https:\/\/tennis-oberschopfheim.de\/wp-content\/uploads\/2024\/10\/cropped-Logo.jpg 512w, https:\/\/tennis-oberschopfheim.de\/wp-content\/uploads\/2024\/10\/cropped-Logo-300x300.jpg 300w, https:\/\/tennis-oberschopfheim.de\/wp-content\/uploads\/2024\/10\/cropped-Logo-150x150.jpg 150w, https:\/\/tennis-oberschopfheim.de\/wp-content\/uploads\/2024\/10\/cropped-Logo-270x270.jpg 270w, https:\/\/tennis-oberschopfheim.de\/wp-content\/uploads\/2024\/10\/cropped-Logo-192x192.jpg 192w, https:\/\/tennis-oberschopfheim.de\/wp-content\/uploads\/2024\/10\/cropped-Logo-180x180.jpg 180w, https:\/\/tennis-oberschopfheim.de\/wp-content\/uploads\/2024\/10\/cropped-Logo-32x32.jpg 32w\" sizes=\"auto, (max-width: 512px) 100vw, 512px\" \/><\/figure><\/div>\n\n\n\n<div class=\"wp-block-media-text is-stacked-on-mobile\"><figure class=\"wp-block-media-text__media\"><img loading=\"lazy\" decoding=\"async\" width=\"1024\" height=\"819\" src=\"https:\/\/tennis-oberschopfheim.de\/wp-content\/uploads\/2025\/05\/img_2208-1024x819.jpg\" alt=\"\" class=\"wp-image-749 size-full\" srcset=\"https:\/\/tennis-oberschopfheim.de\/wp-content\/uploads\/2025\/05\/img_2208-1024x819.jpg 1024w, https:\/\/tennis-oberschopfheim.de\/wp-content\/uploads\/2025\/05\/img_2208-300x240.jpg 300w, https:\/\/tennis-oberschopfheim.de\/wp-content\/uploads\/2025\/05\/img_2208-768x614.jpg 768w, https:\/\/tennis-oberschopfheim.de\/wp-content\/uploads\/2025\/05\/img_2208-1536x1229.jpg 1536w, https:\/\/tennis-oberschopfheim.de\/wp-content\/uploads\/2025\/05\/img_2208.jpg 2000w\" sizes=\"auto, (max-width: 1024px) 100vw, 1024px\" \/><\/figure><div class=\"wp-block-media-text__content\">\n<p class=\"has-text-align-center has-medium-font-size\"><strong>Anna Bruch<\/strong><br \/>Kassenwartin<\/p>\n<\/div><\/div>\n\n\n\n<div class=\"wp-block-media-text has-media-on-the-right is-stacked-on-mobile\"><div class=\"wp-block-media-text__content\">\n<p class=\"has-text-align-center has-medium-font-size\"><strong>Lena S.<\/strong><br \/>Jugendleiterin<\/p>\n<\/div><figure class=\"wp-block-media-text__media\"><img loading=\"lazy\" decoding=\"async\" width=\"512\" height=\"512\" src=\"https:\/\/tennis-oberschopfheim.de\/wp-content\/uploads\/2024\/10\/cropped-Logo.jpg\" alt=\"\" class=\"wp-image-536 size-full\" srcset=\"https:\/\/tennis-oberschopfheim.de\/wp-content\/uploads\/2024\/10\/cropped-Logo.jpg 512w, https:\/\/tennis-oberschopfheim.de\/wp-content\/uploads\/2024\/10\/cropped-Logo-300x300.jpg 300w, https:\/\/tennis-oberschopfheim.de\/wp-content\/uploads\/2024\/10\/cropped-Logo-150x150.jpg 150w, https:\/\/tennis-oberschopfheim.de\/wp-content\/uploads\/2024\/10\/cropped-Logo-270x270.jpg 270w, https:\/\/tennis-oberschopfheim.de\/wp-content\/uploads\/2024\/10\/cropped-Logo-192x192.jpg 192w, https:\/\/tennis-oberschopfheim.de\/wp-content\/uploads\/2024\/10\/cropped-Logo-180x180.jpg 180w, https:\/\/tennis-oberschopfheim.de\/wp-content\/uploads\/2024\/10\/cropped-Logo-32x32.jpg 32w\" sizes=\"auto, (max-width: 512px) 100vw, 512px\" \/><\/figure><\/div>\n\n\n\n<div class=\"wp-block-media-text is-stacked-on-mobile\"><figure class=\"wp-block-media-text__media\"><img loading=\"lazy\" decoding=\"async\" width=\"1024\" height=\"819\" src=\"https:\/\/tennis-oberschopfheim.de\/wp-content\/uploads\/2025\/05\/img_2199-1024x819.jpg\" alt=\"\" class=\"wp-image-750 size-full\" srcset=\"https:\/\/tennis-oberschopfheim.de\/wp-content\/uploads\/2025\/05\/img_2199-1024x819.jpg 1024w, https:\/\/tennis-oberschopfheim.de\/wp-content\/uploads\/2025\/05\/img_2199-300x240.jpg 300w, https:\/\/tennis-oberschopfheim.de\/wp-content\/uploads\/2025\/05\/img_2199-768x614.jpg 768w, https:\/\/tennis-oberschopfheim.de\/wp-content\/uploads\/2025\/05\/img_2199-1536x1229.jpg 1536w, https:\/\/tennis-oberschopfheim.de\/wp-content\/uploads\/2025\/05\/img_2199.jpg 2000w\" sizes=\"auto, (max-width: 1024px) 100vw, 1024px\" \/><\/figure><div class=\"wp-block-media-text__content\">\n<p class=\"has-text-align-center has-medium-font-size\"><strong>Hanna Ruf<\/strong><br \/>stv. Jugendleiterin<\/p>\n<\/div><\/div>\n\n\n\n<div class=\"wp-block-media-text has-media-on-the-right is-stacked-on-mobile\"><div class=\"wp-block-media-text__content\">\n<p class=\"has-text-align-center has-medium-font-size\"><strong>Rosa J\u00e4ckle<\/strong><br \/>stv. Jugendleiterin<\/p>\n<\/div><figure class=\"wp-block-media-text__media\"><img loading=\"lazy\" decoding=\"async\" width=\"512\" height=\"512\" src=\"https:\/\/tennis-oberschopfheim.de\/wp-content\/uploads\/2024\/10\/cropped-Logo.jpg\" alt=\"\" class=\"wp-image-536 size-full\" srcset=\"https:\/\/tennis-oberschopfheim.de\/wp-content\/uploads\/2024\/10\/cropped-Logo.jpg 512w, https:\/\/tennis-oberschopfheim.de\/wp-content\/uploads\/2024\/10\/cropped-Logo-300x300.jpg 300w, https:\/\/tennis-oberschopfheim.de\/wp-content\/uploads\/2024\/10\/cropped-Logo-150x150.jpg 150w, https:\/\/tennis-oberschopfheim.de\/wp-content\/uploads\/2024\/10\/cropped-Logo-270x270.jpg 270w, https:\/\/tennis-oberschopfheim.de\/wp-content\/uploads\/2024\/10\/cropped-Logo-192x192.jpg 192w, https:\/\/tennis-oberschopfheim.de\/wp-content\/uploads\/2024\/10\/cropped-Logo-180x180.jpg 180w, https:\/\/tennis-oberschopfheim.de\/wp-content\/uploads\/2024\/10\/cropped-Logo-32x32.jpg 32w\" sizes=\"auto, (max-width: 512px) 100vw, 512px\" \/><\/figure><\/div>\n\n\n\n<div class=\"wp-block-media-text is-stacked-on-mobile\"><figure class=\"wp-block-media-text__media\"><img loading=\"lazy\" decoding=\"async\" width=\"1024\" height=\"819\" src=\"https:\/\/tennis-oberschopfheim.de\/wp-content\/uploads\/2025\/05\/img_2211-1024x819.jpg\" alt=\"\" class=\"wp-image-751 size-full\" srcset=\"https:\/\/tennis-oberschopfheim.de\/wp-content\/uploads\/2025\/05\/img_2211-1024x819.jpg 1024w, https:\/\/tennis-oberschopfheim.de\/wp-content\/uploads\/2025\/05\/img_2211-300x240.jpg 300w, https:\/\/tennis-oberschopfheim.de\/wp-content\/uploads\/2025\/05\/img_2211-768x614.jpg 768w, https:\/\/tennis-oberschopfheim.de\/wp-content\/uploads\/2025\/05\/img_2211-1536x1229.jpg 1536w, https:\/\/tennis-oberschopfheim.de\/wp-content\/uploads\/2025\/05\/img_2211.jpg 2000w\" sizes=\"auto, (max-width: 1024px) 100vw, 1024px\" \/><\/figure><div class=\"wp-block-media-text__content\">\n<p class=\"has-text-align-center has-medium-font-size\"><strong>Sabine Sommer<\/strong><br \/>Schriftf\u00fchrerin<\/p>\n<\/div><\/div>\n\n\n\n<div class=\"wp-block-media-text has-media-on-the-right is-stacked-on-mobile\"><div class=\"wp-block-media-text__content\">\n<p class=\"has-text-align-center has-medium-font-size\"><strong>Andreas Bruch<\/strong><br \/>Geb\u00e4ude und Anlage<\/p>\n<\/div><figure class=\"wp-block-media-text__media\"><img loading=\"lazy\" decoding=\"async\" width=\"1024\" height=\"819\" src=\"https:\/\/tennis-oberschopfheim.de\/wp-content\/uploads\/2025\/05\/img_2201-1024x819.jpg\" alt=\"\" class=\"wp-image-753 size-full\" srcset=\"https:\/\/tennis-oberschopfheim.de\/wp-content\/uploads\/2025\/05\/img_2201-1024x819.jpg 1024w, https:\/\/tennis-oberschopfheim.de\/wp-content\/uploads\/2025\/05\/img_2201-300x240.jpg 300w, https:\/\/tennis-oberschopfheim.de\/wp-content\/uploads\/2025\/05\/img_2201-768x614.jpg 768w, https:\/\/tennis-oberschopfheim.de\/wp-content\/uploads\/2025\/05\/img_2201-1536x1229.jpg 1536w, https:\/\/tennis-oberschopfheim.de\/wp-content\/uploads\/2025\/05\/img_2201.jpg 2000w\" sizes=\"auto, (max-width: 1024px) 100vw, 1024px\" \/><\/figure><\/div>\n\n\n\n<div class=\"wp-block-media-text is-stacked-on-mobile\"><figure class=\"wp-block-media-text__media\"><img loading=\"lazy\" decoding=\"async\" width=\"1024\" height=\"819\" src=\"https:\/\/tennis-oberschopfheim.de\/wp-content\/uploads\/2025\/05\/img_2209-1-1024x819.jpg\" alt=\"\" class=\"wp-image-754 size-full\" srcset=\"https:\/\/tennis-oberschopfheim.de\/wp-content\/uploads\/2025\/05\/img_2209-1-1024x819.jpg 1024w, https:\/\/tennis-oberschopfheim.de\/wp-content\/uploads\/2025\/05\/img_2209-1-300x240.jpg 300w, https:\/\/tennis-oberschopfheim.de\/wp-content\/uploads\/2025\/05\/img_2209-1-768x614.jpg 768w, https:\/\/tennis-oberschopfheim.de\/wp-content\/uploads\/2025\/05\/img_2209-1-1536x1229.jpg 1536w, https:\/\/tennis-oberschopfheim.de\/wp-content\/uploads\/2025\/05\/img_2209-1.jpg 2000w\" sizes=\"auto, (max-width: 1024px) 100vw, 1024px\" \/><\/figure><div class=\"wp-block-media-text__content\">\n<p class=\"has-text-align-center has-medium-font-size\"><strong>Matthias Bruch<\/strong><br \/>Geb\u00e4ude und Anlage<\/p>\n<\/div><\/div>\n\n\n\n<div class=\"wp-block-media-text has-media-on-the-right is-stacked-on-mobile\"><div class=\"wp-block-media-text__content\">\n<p class=\"has-text-align-center has-medium-font-size\"><strong>Ulrike Beck<\/strong><br \/>Beisitzerin<\/p>\n<\/div><figure class=\"wp-block-media-text__media\"><img loading=\"lazy\" decoding=\"async\" width=\"1024\" height=\"819\" src=\"https:\/\/tennis-oberschopfheim.de\/wp-content\/uploads\/2025\/05\/img_2204-1024x819.jpg\" alt=\"\" class=\"wp-image-755 size-full\" srcset=\"https:\/\/tennis-oberschopfheim.de\/wp-content\/uploads\/2025\/05\/img_2204-1024x819.jpg 1024w, https:\/\/tennis-oberschopfheim.de\/wp-content\/uploads\/2025\/05\/img_2204-300x240.jpg 300w, https:\/\/tennis-oberschopfheim.de\/wp-content\/uploads\/2025\/05\/img_2204-768x614.jpg 768w, https:\/\/tennis-oberschopfheim.de\/wp-content\/uploads\/2025\/05\/img_2204-1536x1229.jpg 1536w, https:\/\/tennis-oberschopfheim.de\/wp-content\/uploads\/2025\/05\/img_2204.jpg 2000w\" sizes=\"auto, (max-width: 1024px) 100vw, 1024px\" \/><\/figure><\/div>\n\n\n\n<p><\/p>\n","protected":false},"excerpt":{"rendered":"<p>J\u00fcrgen Seubert Abteilungsleiter Martin Merz stv. Abteilungsleiter Stefanie Bruch-KimmigSportwartin Rolf Hauserstv. Sportwart Anna BruchKassenwartin Lena S.Jugendleiterin Hanna Rufstv. Jugendleiterin Rosa J\u00e4cklestv. Jugendleiterin Sabine SommerSchriftf\u00fchrerin Andreas BruchGeb\u00e4ude und Anlage Matthias BruchGeb\u00e4ude und Anlage Ulrike BeckBeisitzerin<\/p>\n","protected":false},"author":1,"featured_media":0,"parent":129,"menu_order":0,"comment_status":"closed","ping_status":"closed","template":"","meta":{"footnotes":""},"class_list":["post-61","page","type-page","status-publish","hentry"],"jetpack_sharing_enabled":true,"_links":{"self":[{"href":"https:\/\/tennis-oberschopfheim.de\/index.php?rest_route=\/wp\/v2\/pages\/61","targetHints":{"allow":["GET"]}}],"collection":[{"href":"https:\/\/tennis-oberschopfheim.de\/index.php?rest_route=\/wp\/v2\/pages"}],"about":[{"href":"https:\/\/tennis-oberschopfheim.de\/index.php?rest_route=\/wp\/v2\/types\/page"}],"author":[{"embeddable":true,"href":"https:\/\/tennis-oberschopfheim.de\/index.php?rest_route=\/wp\/v2\/users\/1"}],"replies":[{"embeddable":true,"href":"https:\/\/tennis-oberschopfheim.de\/index.php?rest_route=%2Fwp%2Fv2%2Fcomments&post=61"}],"version-history":[{"count":44,"href":"https:\/\/tennis-oberschopfheim.de\/index.php?rest_route=\/wp\/v2\/pages\/61\/revisions"}],"predecessor-version":[{"id":757,"href":"https:\/\/tennis-oberschopfheim.de\/index.php?rest_route=\/wp\/v2\/pages\/61\/revisions\/757"}],"up":[{"embeddable":true,"href":"https:\/\/tennis-oberschopfheim.de\/index.php?rest_route=\/wp\/v2\/pages\/129"}],"wp:attachment":[{"href":"https:\/\/tennis-oberschopfheim.de\/index.php?rest_route=%2Fwp%2Fv2%2Fmedia&parent=61"}],"curies":[{"name":"wp","href":"https:\/\/api.w.org\/{rel}","templated":true}]}}