{"id":310,"date":"2024-11-27T09:30:08","date_gmt":"2024-11-27T09:30:08","guid":{"rendered":"https:\/\/tennis-oberschopfheim.de\/?page_id=310"},"modified":"2024-12-10T09:23:21","modified_gmt":"2024-12-10T09:23:21","slug":"impressum","status":"publish","type":"page","link":"https:\/\/tennis-oberschopfheim.de\/?page_id=310","title":{"rendered":"Impressum"},"content":{"rendered":"\n<h4 class=\"wp-block-heading\"><strong>Angaben gem\u00e4\u00df \u00a7 5 TMG<\/strong><\/h4>\n\n\n\n<p><strong>Vereinsname:<\/strong><br>SV Oberschopfheim 1925 e.V. &#8211; Abteilung Tennis<\/p>\n\n\n\n<p><strong>Vertreten durch:<\/strong><br>J\u00fcrgen Seubert (Abteilungsleiter)<\/p>\n\n\n\n<p><strong>Adresse:<\/strong><br>Bergstra\u00dfe 7<br>77948 Friesenheim<br>Baden-W\u00fcrttemberg, Deutschland<\/p>\n\n\n\n<p><strong>Kontakt:<\/strong><br>E-Mail: info@tennis-oberschopfheim.de<br>Telefon: +49 7808 910757<br>Fax: +49 7808 9147720<\/p>\n\n\n\n<h4 class=\"wp-block-heading\"><strong>Verantwortlich f\u00fcr den Inhalt nach \u00a7 55 Abs. 2 RStV (Rundfunkstaatsvertrag):<\/strong><\/h4>\n\n\n\n<p>J\u00fcrgen Seubert<br>Hanna Ruf<\/p>\n\n\n\n<h4 class=\"wp-block-heading\"><strong>Haftungsausschluss:<\/strong><\/h4>\n\n\n\n<p><strong>Haftung f\u00fcr Inhalte:<\/strong><\/p>\n\n\n\n<p>Die Inhalte dieser Webseite werden mit gr\u00f6\u00dftm\u00f6glicher Sorgfalt erstellt. F\u00fcr die Richtigkeit, Vollst\u00e4ndigkeit und Aktualit\u00e4t der Inhalte \u00fcbernehmen wir jedoch keine Haftung. Alle Informationen auf dieser Webseite sind freibleibend und unverbindlich. Haftungsanspr\u00fcche gegen den Verein, die sich auf Sch\u00e4den materieller oder ideeller Art beziehen, die durch die Nutzung oder Nichtnutzung der dargebotenen Informationen oder durch die Nutzung fehlerhafter und unvollst\u00e4ndiger Informationen verursacht wurden, sind grunds\u00e4tzlich ausgeschlossen, sofern seitens des Vereins kein nachweislich vors\u00e4tzliches oder grob fahrl\u00e4ssiges Verschulden vorliegt.<\/p>\n\n\n\n<h4 class=\"wp-block-heading\"><strong>Haftung f\u00fcr Links zu externen Webseiten:<\/strong><\/h4>\n\n\n\n<p>Diese Webseite enth\u00e4lt Links zu externen Webseiten Dritter, auf deren Inhalte wir keinen Einfluss haben. Deshalb k\u00f6nnen wir f\u00fcr diese fremden Inhalte auch keine Gew\u00e4hr \u00fcbernehmen. F\u00fcr die Inhalte der verlinkten Seiten ist stets der jeweilige Anbieter oder Betreiber der Seiten verantwortlich. Die verlinkten Seiten wurden zum Zeitpunkt der Verlinkung auf m\u00f6gliche Rechtsverst\u00f6\u00dfe \u00fcberpr\u00fcft, jedoch sind dauerhafte inhaltliche Kontrollen der verlinkten Seiten ohne konkrete Hinweise auf eine Rechtsverletzung nicht zumutbar. Bei Bekanntwerden von Rechtsverletzungen werden wir derartige Links umgehend entfernen.<\/p>\n\n\n\n<h4 class=\"wp-block-heading\"><strong>Urheberrecht an Bildern und Grafiken:<\/strong><\/h4>\n\n\n\n<p>S\u00e4mtliche Bilder, Fotos, Grafiken und sonstige visuellen Inhalte auf dieser Webseite sind, soweit nicht anders gekennzeichnet, Eigentum der Tennisabteilung des SV Oberschopfheim 1925 e.V. und unterliegen dem deutschen Urheberrecht. Eine Vervielf\u00e4ltigung, Bearbeitung oder Verwendung dieser Bilder in anderen elektronischen oder gedruckten Publikationen bedarf der vorherigen schriftlichen Zustimmung des Vereins. Jede unbefugte Nutzung der Bilder, insbesondere die Verwendung f\u00fcr kommerzielle Zwecke ohne Genehmigung, ist untersagt.<\/p>\n\n\n\n<h4 class=\"wp-block-heading\"><strong>Urheberrecht:<\/strong><\/h4>\n\n\n\n<p>Die Inhalte und Werke auf dieser Webseite unterliegen dem deutschen Urheberrecht. Soweit die Inhalte auf dieser Webseite nicht vom Betreiber erstellt wurden, werden die Urheberrechte Dritter beachtet. Beitr\u00e4ge Dritter sind als solche gekennzeichnet. Eine Vervielf\u00e4ltigung, Bearbeitung, Verbreitung oder sonstige Verwendung der Inhalte bedarf der schriftlichen Zustimmung des jeweiligen Urhebers.<\/p>\n\n\n\n<h4 class=\"wp-block-heading\"><strong>Datenschutz:<\/strong><\/h4>\n\n\n\n<p>Der Schutz Ihrer pers\u00f6nlichen Daten ist uns wichtig. Weitere Informationen finden Sie in unserer <a href=\"https:\/\/tennis-oberschopfheim.de\/?page_id=312\" data-type=\"page\" data-id=\"312\">Datenschutzerkl\u00e4rung<\/a>.<\/p>\n\n\n\n<hr class=\"wp-block-separator has-alpha-channel-opacity\"\/>\n\n\n\n<p>Obwohl aus Gr\u00fcnden der Lesbarkeit im Text die m\u00e4nnliche Form gew\u00e4hlt wurde beziehen sich die Angaben im Text auf Angeh\u00f6rige aller Geschlechter.<\/p>\n","protected":false},"excerpt":{"rendered":"<p>Angaben gem\u00e4\u00df \u00a7 5 TMG Vereinsname:SV Oberschopfheim 1925 e.V. &#8211; Abteilung Tennis Vertreten durch:J\u00fcrgen Seubert (Abteilungsleiter) Adresse:Bergstra\u00dfe 777948 FriesenheimBaden-W\u00fcrttemberg, Deutschland Kontakt:E-Mail: info@tennis-oberschopfheim.deTelefon: +49 7808 910757Fax: +49 7808 9147720 Verantwortlich f\u00fcr den Inhalt nach \u00a7 55 Abs. 2 RStV (Rundfunkstaatsvertrag): J\u00fcrgen SeubertHanna Ruf Haftungsausschluss: Haftung f\u00fcr Inhalte: Die Inhalte dieser Webseite [&hellip;]<\/p>\n","protected":false},"author":2,"featured_media":0,"parent":0,"menu_order":0,"comment_status":"closed","ping_status":"closed","template":"","meta":{"footnotes":""},"class_list":["post-310","page","type-page","status-publish","hentry"],"jetpack_sharing_enabled":true,"_links":{"self":[{"href":"https:\/\/tennis-oberschopfheim.de\/index.php?rest_route=\/wp\/v2\/pages\/310","targetHints":{"allow":["GET"]}}],"collection":[{"href":"https:\/\/tennis-oberschopfheim.de\/index.php?rest_route=\/wp\/v2\/pages"}],"about":[{"href":"https:\/\/tennis-oberschopfheim.de\/index.php?rest_route=\/wp\/v2\/types\/page"}],"author":[{"embeddable":true,"href":"https:\/\/tennis-oberschopfheim.de\/index.php?rest_route=\/wp\/v2\/users\/2"}],"replies":[{"embeddable":true,"href":"https:\/\/tennis-oberschopfheim.de\/index.php?rest_route=%2Fwp%2Fv2%2Fcomments&post=310"}],"version-history":[{"count":7,"href":"https:\/\/tennis-oberschopfheim.de\/index.php?rest_route=\/wp\/v2\/pages\/310\/revisions"}],"predecessor-version":[{"id":457,"href":"https:\/\/tennis-oberschopfheim.de\/index.php?rest_route=\/wp\/v2\/pages\/310\/revisions\/457"}],"wp:attachment":[{"href":"https:\/\/tennis-oberschopfheim.de\/index.php?rest_route=%2Fwp%2Fv2%2Fmedia&parent=310"}],"curies":[{"name":"wp","href":"https:\/\/api.w.org\/{rel}","templated":true}]}}