{"id":16,"date":"2024-10-28T18:40:42","date_gmt":"2024-10-28T18:40:42","guid":{"rendered":"https:\/\/tennis-oberschopfheim.de\/?page_id=16"},"modified":"2025-08-16T08:38:17","modified_gmt":"2025-08-16T08:38:17","slug":"willkommen-auf-https-tennis-oberschopfheim-de","status":"publish","type":"page","link":"https:\/\/tennis-oberschopfheim.de\/","title":{"rendered":"Tennis Oberschopfheim"},"content":{"rendered":"\n<p class=\"has-text-align-center has-black-color has-text-color has-link-color wp-elements-2393bb93ac5c88f65e523d7189ad2616\">Die Tennisabteilung des SV Oberschopfheim 1925 e.V. bietet Tennissport f\u00fcr alle Alters- und Leistungsklassen. Mit einer modernen Vereinsanlage, die drei Pl\u00e4tze umfasst, f\u00f6rdert die Abteilung sowohl den Freizeit- als auch den Leistungssport. Neben regelm\u00e4\u00dfigen <a href=\"https:\/\/tennis-oberschopfheim.de\/?page_id=299\" data-type=\"page\" data-id=\"299\">Trainingsm\u00f6glichkeiten<\/a> werden Ligaspiele und Vereinsmeisterschaften ausgetragen. <\/p>\n\n\n\n<p class=\"has-text-align-center has-black-color has-text-color has-link-color wp-elements-0ae425b2da55085626646c566ceab642\" style=\"border-radius:50px\">Die Abteilung legt gro\u00dfen Wert auf die Nachwuchsf\u00f6rderung und bietet Trainingsangebote f\u00fcr Kinder und Jugendliche jeden Alters an. <br \/>Bereits ab 4 Jahren k\u00f6nnen die Kinder das Tennisspielen auf spielerische Art erlernen. Mit der U9 k\u00f6nnen die Kinder bereits im J\u00fcngstenbereich an Wettk\u00e4mpfen teilnehmen und sich so entsprechend ihres Alters bis zu den Senioren weiterentwickeln.<\/p>\n\n\n\n<p class=\"has-text-align-center\"><mark style=\"background-color:rgba(0, 0, 0, 0);color:#000000\" class=\"has-inline-color has-black-color\">Dar\u00fcber hinaus engagiert sich die Abteilung aktiv im Vereins- und Dorfleben. Veranstaltungen wie der traditionelle Vatertags-Hock oder die beliebten Dorfmeisterschaften bieten sportliche und gesellige Highlights f\u00fcr Jedermann.<\/mark><\/p>\n\n\n\n<p class=\"has-text-align-center\"><mark style=\"background-color:rgba(0, 0, 0, 0);color:#000000\" class=\"has-inline-color has-black-color\">Aktuell nehmen mehrere <a href=\"https:\/\/tennis-oberschopfheim.de\/?page_id=132\">Mannschaften<\/a> am Spielbetrieb teil, darunter Jugend-, Aktiven- und Seniorenmannschaften. Unsere Teams messen sich in verschiedenen Ligen auf Bezirks- und Verbandsebene, sowohl im Sommer- als auch im Mixed-Wettbewerb.<\/mark><\/p>\n","protected":false},"excerpt":{"rendered":"<p>Die Tennisabteilung des SV Oberschopfheim 1925 e.V. bietet Tennissport f\u00fcr alle Alters- und Leistungsklassen. Mit einer modernen Vereinsanlage, die drei Pl\u00e4tze umfasst, f\u00f6rdert die Abteilung sowohl den Freizeit- als auch den Leistungssport. Neben regelm\u00e4\u00dfigen Trainingsm\u00f6glichkeiten werden Ligaspiele und Vereinsmeisterschaften ausgetragen. Die Abteilung legt gro\u00dfen Wert auf die Nachwuchsf\u00f6rderung und bietet [&hellip;]<\/p>\n","protected":false},"author":2,"featured_media":0,"parent":0,"menu_order":0,"comment_status":"closed","ping_status":"closed","template":"","meta":{"footnotes":""},"class_list":["post-16","page","type-page","status-publish","hentry"],"jetpack_sharing_enabled":true,"_links":{"self":[{"href":"https:\/\/tennis-oberschopfheim.de\/index.php?rest_route=\/wp\/v2\/pages\/16","targetHints":{"allow":["GET"]}}],"collection":[{"href":"https:\/\/tennis-oberschopfheim.de\/index.php?rest_route=\/wp\/v2\/pages"}],"about":[{"href":"https:\/\/tennis-oberschopfheim.de\/index.php?rest_route=\/wp\/v2\/types\/page"}],"author":[{"embeddable":true,"href":"https:\/\/tennis-oberschopfheim.de\/index.php?rest_route=\/wp\/v2\/users\/2"}],"replies":[{"embeddable":true,"href":"https:\/\/tennis-oberschopfheim.de\/index.php?rest_route=%2Fwp%2Fv2%2Fcomments&post=16"}],"version-history":[{"count":19,"href":"https:\/\/tennis-oberschopfheim.de\/index.php?rest_route=\/wp\/v2\/pages\/16\/revisions"}],"predecessor-version":[{"id":827,"href":"https:\/\/tennis-oberschopfheim.de\/index.php?rest_route=\/wp\/v2\/pages\/16\/revisions\/827"}],"wp:attachment":[{"href":"https:\/\/tennis-oberschopfheim.de\/index.php?rest_route=%2Fwp%2Fv2%2Fmedia&parent=16"}],"curies":[{"name":"wp","href":"https:\/\/api.w.org\/{rel}","templated":true}]}}