{"id":148,"date":"2024-10-31T15:30:05","date_gmt":"2024-10-31T15:30:05","guid":{"rendered":"https:\/\/tennis-oberschopfheim.de\/?page_id=148"},"modified":"2024-12-10T10:49:16","modified_gmt":"2024-12-10T10:49:16","slug":"sponsoren","status":"publish","type":"page","link":"https:\/\/tennis-oberschopfheim.de\/?page_id=148","title":{"rendered":"Mitgliedschaft und Nutzung"},"content":{"rendered":"\n<h2 class=\"wp-block-heading\">Mitgliedschaft<\/h2>\n\n\n\n<p>Als Abteilung des Sportverein Oberschopfheim ist jedes Mitglied der Tennisabteilung automatisch als passives Mitglied des SV Oberschopfheim gelistet und bezahlt hierf\u00fcr auch den passiven Mitgliederbeitrag. <br>Die Informationen zum Mitgliederbeitrag finden Sie unter <a href=\"https:\/\/tennis-oberschopfheim.de\/?page_id=62\" data-type=\"page\" data-id=\"62\">Links &amp; Dokumente<\/a>.<\/p>\n\n\n\n<h2 class=\"wp-block-heading\">Tennisplatznutzung<\/h2>\n\n\n\n<p>Alle aktiven Mitglieder erhalten (gegen Pfand) einen Schl\u00fcssel f\u00fcr die Tennisanlage, das Clubhaus und die sanit\u00e4ren Anlagen.<\/p>\n\n\n\n<p>Die Tennispl\u00e4tze d\u00fcrfen jederzeit (so lange die Anlage ge\u00f6ffnet ist) genutzt werden. Pl\u00e4tze m\u00fcssen allerdings im Vorhinein \u00fcber das <a href=\"https:\/\/app.tennis04.com\/de\/oberschopfheim\/buchungsplan\" data-type=\"link\" data-id=\"https:\/\/app.tennis04.com\/de\/oberschopfheim\/buchungsplan\" target=\"_blank\" rel=\"noreferrer noopener\">Buchungssystem<\/a> reserviert werden. <br>Meden-, sowie Clubmeisterschaftsspiele und Trainings haben Vorrang. <\/p>\n\n\n\n<p><strong>Gastspieler<\/strong><br>Zusammen mit einem Mitglied der Tennisabteilung k\u00f6nnen Gastspieler die Anlage kostenlos nutzen, sofern die Pl\u00e4tze frei sind.<\/p>\n\n\n\n<p><strong>Nicht-Mitglieder<\/strong><br>Nicht-Mitglieder k\u00f6nnen mit einem Mitglied der Tennisabteilung den Platz nutzen. Hierf\u00fcr werden 5,- \u20ac verlangt, welche vom Getr\u00e4nkekonto des SVO-Mitglieds abgezogen werden. <\/p>\n\n\n\n<p><strong>Wer jedoch regelm\u00e4\u00dfig spielen m\u00f6chte, sollte Mitglied werden!<\/strong><\/p>\n\n\n\n<p class=\"has-small-font-size\">Einzelf\u00e4lle und Ausnahmen sind mit der Abteilungsleitung abzustimmen!<\/p>\n\n\n\n<h2 class=\"wp-block-heading\">Clubhausnutzung<\/h2>\n\n\n\n<p>Das Tennis-Clubhaus kann von Mitgliedern und Nicht-Mitgliedern, nach Abstimmung mit der Abteilungsleitung, genutzt werden. Es muss im Nachhinein besenrein \u00fcbergeben werden.<br>Die Kosten betragen:<br>100,- \u20ac f\u00fcr Mitglieder<br>125,- \u20ac f\u00fcr Nicht-Mitglieder<\/p>\n","protected":false},"excerpt":{"rendered":"<p>Mitgliedschaft Als Abteilung des Sportverein Oberschopfheim ist jedes Mitglied der Tennisabteilung automatisch als passives Mitglied des SV Oberschopfheim gelistet und bezahlt hierf\u00fcr auch den passiven Mitgliederbeitrag. Die Informationen zum Mitgliederbeitrag finden Sie unter Links &amp; Dokumente. Tennisplatznutzung Alle aktiven Mitglieder erhalten (gegen Pfand) einen Schl\u00fcssel f\u00fcr die Tennisanlage, das Clubhaus [&hellip;]<\/p>\n","protected":false},"author":1,"featured_media":0,"parent":129,"menu_order":0,"comment_status":"closed","ping_status":"closed","template":"","meta":{"footnotes":""},"class_list":["post-148","page","type-page","status-publish","hentry"],"jetpack_sharing_enabled":true,"_links":{"self":[{"href":"https:\/\/tennis-oberschopfheim.de\/index.php?rest_route=\/wp\/v2\/pages\/148","targetHints":{"allow":["GET"]}}],"collection":[{"href":"https:\/\/tennis-oberschopfheim.de\/index.php?rest_route=\/wp\/v2\/pages"}],"about":[{"href":"https:\/\/tennis-oberschopfheim.de\/index.php?rest_route=\/wp\/v2\/types\/page"}],"author":[{"embeddable":true,"href":"https:\/\/tennis-oberschopfheim.de\/index.php?rest_route=\/wp\/v2\/users\/1"}],"replies":[{"embeddable":true,"href":"https:\/\/tennis-oberschopfheim.de\/index.php?rest_route=%2Fwp%2Fv2%2Fcomments&post=148"}],"version-history":[{"count":9,"href":"https:\/\/tennis-oberschopfheim.de\/index.php?rest_route=\/wp\/v2\/pages\/148\/revisions"}],"predecessor-version":[{"id":502,"href":"https:\/\/tennis-oberschopfheim.de\/index.php?rest_route=\/wp\/v2\/pages\/148\/revisions\/502"}],"up":[{"embeddable":true,"href":"https:\/\/tennis-oberschopfheim.de\/index.php?rest_route=\/wp\/v2\/pages\/129"}],"wp:attachment":[{"href":"https:\/\/tennis-oberschopfheim.de\/index.php?rest_route=%2Fwp%2Fv2%2Fmedia&parent=148"}],"curies":[{"name":"wp","href":"https:\/\/api.w.org\/{rel}","templated":true}]}}