{"id":129,"date":"2024-10-31T15:12:35","date_gmt":"2024-10-31T15:12:35","guid":{"rendered":"https:\/\/tennis-oberschopfheim.de\/?page_id=129"},"modified":"2025-05-06T15:50:36","modified_gmt":"2025-05-06T15:50:36","slug":"ueber-uns","status":"publish","type":"page","link":"https:\/\/tennis-oberschopfheim.de\/?page_id=129","title":{"rendered":"\u00dcber Uns"},"content":{"rendered":"\n<p class=\"has-medium-font-size\" style=\"font-style:normal;font-weight:500\">2024<\/p>\n\n\n\n<details class=\"wp-block-details has-medium-font-size is-layout-flow wp-block-details-is-layout-flow\" style=\"font-style:normal;font-weight:400\"><summary>Allgemein<\/summary>\n<p>eine Solaranlage wird installiert<br>in der Verl\u00e4ngerung zu Platz 3 wird eine Ballwand er\u00f6ffnet<\/p>\n<\/details>\n\n\n\n<details class=\"wp-block-details has-medium-font-size is-layout-flow wp-block-details-is-layout-flow\" style=\"font-style:normal;font-weight:400\"><summary>Sportlich<\/summary>\n<p>16 Mannschaften in der Medenrunde (6 Jugend- &amp; 10 Seniorenmannschaften)<br>&#8211; Damen 30 verpassen knapp den Aufstieg in die Regionalliga (3. Platz)<br>&#8211; Herren 70 werden zum dritten Mal Meister in ihrer Klasse<br><\/p>\n<\/details>\n\n\n\n<p><\/p>\n\n\n\n<p class=\"has-medium-font-size\" style=\"font-style:normal;font-weight:500\">2023<\/p>\n\n\n\n<details class=\"wp-block-details has-medium-font-size is-layout-flow wp-block-details-is-layout-flow\" style=\"font-style:normal;font-weight:400\"><summary>Allgemein<\/summary>\n<p>h\u00f6chste Mitgliederzahl seit Bestehen der Tennisabteilung (<em>Mitgliederstand: 177 Gesamt (davon 53 Kinder\/Jugendliche, 87 Erwachsene, 37 passive)<\/em>)<\/p>\n\n\n\n<p>J\u00fcrgen Seubert wird f\u00fcr 35 Jahre Abteilungsleitung geehrt<\/p>\n<\/details>\n\n\n\n<details class=\"wp-block-details has-medium-font-size is-layout-flow wp-block-details-is-layout-flow\" style=\"font-style:normal;font-weight:400\"><summary>Sportlich<\/summary>\n<p>10 Mannschaften im Senioren-, 4 Mannschaften im Jugendbereich, 3 Mixed-Mannschaften, 1 Mannschaft in der Winterrunde<\/p>\n\n\n\n<p>6 Meister-Mannschaften<br>&#8211; Damen 30 (Aufstieg Badenliga)<br>&#8211; Herren 70<br>&#8211; U12<br>&#8211; Mixed 30<br>&#8211; Mixed 50<br>&#8211; Damen 30 Winter<\/p>\n<\/details>\n\n\n\n<p><\/p>\n\n\n\n<p class=\"has-medium-font-size\" style=\"font-style:normal;font-weight:500\">2022<\/p>\n\n\n\n<details class=\"wp-block-details has-medium-font-size is-layout-flow wp-block-details-is-layout-flow\"><summary>Allgemein<\/summary>\n<p>Der neuer Treppenaufgang wird fertiggestellt<\/p>\n\n\n\n<p>Gemeinsam mit dem SVO und dem Musikverein Oberschopfheim wird das Hoffest des Sponsors Zimmerei Herzog bewirtet.<\/p>\n<\/details>\n\n\n\n<details class=\"wp-block-details has-medium-font-size is-layout-flow wp-block-details-is-layout-flow\"><summary>Sportlich<\/summary>\n<p>Herren 70 werden Meister<br>Herren 50 werden Meister<\/p>\n<\/details>\n\n\n\n<p><\/p>\n\n\n\n<p class=\"has-medium-font-size\" style=\"font-style:normal;font-weight:500\">2021<\/p>\n\n\n\n<details class=\"wp-block-details has-medium-font-size is-layout-flow wp-block-details-is-layout-flow\"><summary>Sportlich<\/summary>\n<p>Damen 30 werden Meister (Aufstieg in die Oberliga)<br>Herren 50 werden Meister<\/p>\n<\/details>\n\n\n\n<p><\/p>\n\n\n\n<p class=\"has-medium-font-size\" style=\"font-style:normal;font-weight:500\">2020<\/p>\n\n\n\n<details class=\"wp-block-details has-medium-font-size is-layout-flow wp-block-details-is-layout-flow\"><summary>Allgemein<\/summary>\n<p>Durch die Coronapandemie werden s\u00e4mtliche Veranstaltungen gestrichen, der Spielbetrieb wird unter den geltenden Coronaverordnungen durchgef\u00fchrt.<\/p>\n<\/details>\n\n\n\n<p><\/p>\n\n\n\n<p class=\"has-medium-font-size\" style=\"font-style:normal;font-weight:500\">2019<\/p>\n\n\n\n<details class=\"wp-block-details has-medium-font-size is-layout-flow wp-block-details-is-layout-flow\"><summary>Allgemein<\/summary>\n<p>40-j\u00e4hriges Jubil\u00e4um der Tennisabteilung <br>Freitag: Mitglieder- und Sponsorenabend <br>Samstag: Seniorenturnier<\/p>\n<\/details>\n\n\n\n<details class=\"wp-block-details has-medium-font-size is-layout-flow wp-block-details-is-layout-flow\"><summary>Sportlich<\/summary>\n<p>Jugend erh\u00e4lt eine Ballmaschine<\/p>\n\n\n\n<p>Herren 65 werden Meister<br>Damen 30 werden Meister<\/p>\n<\/details>\n\n\n\n<p><\/p>\n\n\n\n<p class=\"has-medium-font-size\" style=\"font-style:normal;font-weight:500\">2018<\/p>\n\n\n\n<details class=\"wp-block-details has-medium-font-size is-layout-flow wp-block-details-is-layout-flow\"><summary>Sportlich<\/summary>\n<p>Herren 40 (TSG) werden Meister<br>Mixed 30 (TSG) werden Meister<br>Mixed werden Meister<\/p>\n<\/details>\n\n\n\n<p><\/p>\n\n\n\n<p class=\"has-medium-font-size\" style=\"font-style:normal;font-weight:500\">2017<\/p>\n\n\n\n<details class=\"wp-block-details has-medium-font-size is-layout-flow wp-block-details-is-layout-flow\"><summary>Allgemein<\/summary>\n<p>Herren 60 \u00fcbernehmen gemeinsam die Aufgabe des Platzwarts<\/p>\n<\/details>\n\n\n\n<details class=\"wp-block-details has-medium-font-size is-layout-flow wp-block-details-is-layout-flow\"><summary>Sportlich<\/summary>\n<p>Damen 40 werden Meister<\/p>\n<\/details>\n\n\n\n<p><\/p>\n\n\n\n<p class=\"has-medium-font-size\" style=\"font-style:normal;font-weight:500\">2015<\/p>\n\n\n\n<details class=\"wp-block-details has-medium-font-size is-layout-flow wp-block-details-is-layout-flow\"><summary>Allgemein<\/summary>\n<p>90 Jahre SVO-Jubil\u00e4um (26. &#8211; 27.06.2015)<br>Freitag: Klassentreffen mit Weinprobe in der Auberghalle <br>Samstag: Spiele ohne Grenzen und Festabend<\/p>\n\n\n\n<p>Baubeginn des Clubheim-Anbaus <\/p>\n<\/details>\n\n\n\n<p><\/p>\n\n\n\n<p class=\"has-medium-font-size\" style=\"font-style:normal;font-weight:500\">2013<\/p>\n\n\n\n<details class=\"wp-block-details has-medium-font-size is-layout-flow wp-block-details-is-layout-flow\"><summary>Allgemein<\/summary>\n<p>Die Tennisabteilung beteiligt sich gemeinsam mit dem SVO an der 1250 Jahrfeier von Oberschopfheim. <\/p>\n\n\n\n<p>J\u00fcrgen Seubert ist 25 Jahre Abteilungsleiter<\/p>\n<\/details>\n\n\n\n<details class=\"wp-block-details has-medium-font-size is-layout-flow wp-block-details-is-layout-flow\"><summary>Sportlich<\/summary>\n<p>von 10 Mannschaften werden 5 Mannschaften Meister in ihrer Klasse<br>Damen: Meister in der 1. Bezirksklasse (Aufstieg in die 2. Bezirksliga)<br>Damen 30: Meister in der 1. Bezirksklasse (Aufstieg in die 2. Bezirksliga)<br>Damen 40: Meister in der 2. Bezirksliga (Aufstieg in die 1. Bezirksliga)<br>Herren: Meister in der 1. Kreisliga (Aufstieg in die 2. Bezirksklasse)<br>Herren 60: Meister in der 2. Bezirksliga (Aufstieg in die 1. Bezirksliga)<\/p>\n<\/details>\n\n\n\n<p><\/p>\n\n\n\n<p class=\"has-medium-font-size\" style=\"font-style:normal;font-weight:500\">2009<\/p>\n\n\n\n<details class=\"wp-block-details has-medium-font-size is-layout-flow wp-block-details-is-layout-flow\"><summary>Allgemein<\/summary>\n<p>30 Jahre Tennisabteilung: Jubil\u00e4umsfeier am 30.04. mit Tanz in den Mai<\/p>\n\n\n\n<p><em>Mitgliederstand: 141 Gesamt (davon 28 Kinder\/Jugendliche, 84 Erwachsene, 29 passive)<\/em><\/p>\n<\/details>\n\n\n\n<details class=\"wp-block-details has-medium-font-size is-layout-flow wp-block-details-is-layout-flow\"><summary>Sportlich<\/summary>\n<p>7 Seniorenmannschaften (3 Herren &amp; 4 Damen)<br>2 Jugendmannschaften<\/p>\n<\/details>\n\n\n\n<p><\/p>\n\n\n\n<p class=\"has-medium-font-size\" style=\"font-style:normal;font-weight:500\">2005<\/p>\n\n\n\n<details class=\"wp-block-details has-medium-font-size is-layout-flow wp-block-details-is-layout-flow\"><summary>Allgemein<\/summary>\n<p>25 Jahre Tennisabteilung wird in der Auberghalle gefeiert<\/p>\n<\/details>\n\n\n\n<p><\/p>\n\n\n\n<p class=\"has-medium-font-size\" style=\"font-style:normal;font-weight:500\">2004<\/p>\n\n\n\n<details class=\"wp-block-details has-medium-font-size is-layout-flow wp-block-details-is-layout-flow\"><summary>Allgemein<\/summary>\n<p><em>Mitgliederstand: 147 Gesamt (davon 39 Kinder\/Jugendliche, 75 Erwachsene, 33 passive)<\/em><\/p>\n<\/details>\n\n\n\n<details class=\"wp-block-details has-medium-font-size is-layout-flow wp-block-details-is-layout-flow\"><summary>Sportlich<\/summary>\n<p class=\"has-medium-font-size\">6 Seniorenmannschaften (3 Herren &amp; 3 Damen)<br>4 Jugendmannschaften<\/p>\n<\/details>\n\n\n\n<p><\/p>\n\n\n\n<p class=\"has-medium-font-size\" style=\"font-style:normal;font-weight:500\">2003<\/p>\n\n\n\n<details class=\"wp-block-details has-medium-font-size is-layout-flow wp-block-details-is-layout-flow\"><summary>Allgemein<\/summary>\n<p>Bau einer neuen Terrasse <\/p>\n<\/details>\n\n\n\n<p><\/p>\n\n\n\n<p class=\"has-medium-font-size\" style=\"font-style:normal;font-weight:500\">1999<\/p>\n\n\n\n<details class=\"wp-block-details has-medium-font-size is-layout-flow wp-block-details-is-layout-flow\"><summary>Allgemein<\/summary>\n<p style=\"font-style:normal;font-weight:400\">Einweihung des neuen Clubheims und Feier zum 20-j\u00e4hrigen Bestehen der Tennisabteilung<\/p>\n\n\n\n<p style=\"font-style:italic;font-weight:400\">Mitgliederstand: 129 Gesamt (davon 29 Kinder\/Jugendliche, 69 Erwachsene, 31 passive)<\/p>\n<\/details>\n\n\n\n<p><\/p>\n\n\n\n<p class=\"has-medium-font-size\" style=\"font-style:normal;font-weight:500\">1998<\/p>\n\n\n\n<details class=\"wp-block-details has-medium-font-size is-layout-flow wp-block-details-is-layout-flow\"><summary>Allgemein<\/summary>\n<p>Im Februar Baubeginn des Tennis-Clubheims, am 04.04. Richtfest, Ende 1998 Fertigstellung (bis auf die Inneneinrichtung)<\/p>\n<\/details>\n\n\n\n<details class=\"wp-block-details has-medium-font-size is-layout-flow wp-block-details-is-layout-flow\"><summary>Sportlich<\/summary>\n<p>Gr\u00fcndung einer weiteren Damenmannschaft<\/p>\n<\/details>\n\n\n\n<p><\/p>\n\n\n\n<p class=\"has-medium-font-size\" style=\"font-style:normal;font-weight:500\">1997<\/p>\n\n\n\n<details class=\"wp-block-details has-medium-font-size is-layout-flow wp-block-details-is-layout-flow\"><summary>Allgemein<\/summary>\n<p>Planung und Vorbereitung eines neuen Tennis-Clubheims (mit Sanit\u00e4r-, Umkleidebereich, Aufenthaltsraum und Ger\u00e4teschuppen)<\/p>\n<\/details>\n\n\n\n<details class=\"wp-block-details has-medium-font-size is-layout-flow wp-block-details-is-layout-flow\"><summary>Sportlich<\/summary>\n<p class=\"has-medium-font-size\">die beiden Herrenmannschaften teilen sich in eine offene und einen \u00dc35 Mannschaft<\/p>\n<\/details>\n\n\n\n<p><\/p>\n\n\n\n<p class=\"has-medium-font-size\" style=\"font-style:normal;font-weight:500\">1995<\/p>\n\n\n\n<details class=\"wp-block-details has-medium-font-size is-layout-flow wp-block-details-is-layout-flow\"><summary>Sportlich<\/summary>\n<p>Gr\u00fcndung einer \u00dc45 Damenmannschaft<\/p>\n<\/details>\n\n\n\n<p><\/p>\n\n\n\n<p class=\"has-medium-font-size\" style=\"font-style:normal;font-weight:500\">1991<\/p>\n\n\n\n<details class=\"wp-block-details has-medium-font-size is-layout-flow wp-block-details-is-layout-flow\"><summary>Sportlich<\/summary>\n<p>Gr\u00fcndung einer zweiten Herrenmannschaft<\/p>\n<\/details>\n\n\n\n<p><\/p>\n\n\n\n<p class=\"has-medium-font-size\" style=\"font-style:normal;font-weight:500\">1990<\/p>\n\n\n\n<details class=\"wp-block-details has-medium-font-size is-layout-flow wp-block-details-is-layout-flow\"><summary>Allgemein<\/summary>\n<p>01.06. Einweihung eines dritten Tennisplatzes und Feier zum 10-j\u00e4hrigen Bestehen der Tennisabteilung<\/p>\n<\/details>\n\n\n\n<p><\/p>\n\n\n\n<p class=\"has-medium-font-size\" style=\"font-style:normal;font-weight:500\">1989<\/p>\n\n\n\n<details class=\"wp-block-details has-medium-font-size is-layout-flow wp-block-details-is-layout-flow\"><summary>Allgemein<\/summary>\n<p>Anbau von WC und Umkleideraum an die bestehende Tennish\u00fctte<\/p>\n<\/details>\n\n\n\n<p><\/p>\n\n\n\n<p class=\"has-medium-font-size\" style=\"font-style:normal;font-weight:500\">1988<\/p>\n\n\n\n<details class=\"wp-block-details has-medium-font-size is-layout-flow wp-block-details-is-layout-flow\"><summary>Allgemein<\/summary>\n<p>J\u00fcrgen Seubert wird neuer Abteilungsleiter<br>General\u00fcberholung der Tennispl\u00e4tze<\/p>\n<\/details>\n\n\n\n<details class=\"wp-block-details has-medium-font-size is-layout-flow wp-block-details-is-layout-flow\"><summary>Sportlich<\/summary>\n<p>Gr\u00fcndung einer Damenmannschaft<\/p>\n<\/details>\n\n\n\n<p><\/p>\n\n\n\n<p class=\"has-medium-font-size\" style=\"font-style:normal;font-weight:500\">1982<\/p>\n\n\n\n<details class=\"wp-block-details has-medium-font-size is-layout-flow wp-block-details-is-layout-flow\"><summary>Allgemein<\/summary>\n<p>Bau einer Tennish\u00fctte<\/p>\n<\/details>\n\n\n\n<p><\/p>\n\n\n\n<p class=\"has-medium-font-size\" style=\"font-style:normal;font-weight:500\">1980<\/p>\n\n\n\n<details class=\"wp-block-details has-medium-font-size is-layout-flow wp-block-details-is-layout-flow\"><summary>Sportlich<\/summary>\n<p>Gr\u00fcndung einer Herrenmannschaft<\/p>\n<\/details>\n\n\n\n<p><\/p>\n\n\n\n<p class=\"has-medium-font-size\" style=\"font-style:normal;font-weight:500\">1979<\/p>\n\n\n\n<details class=\"wp-block-details has-medium-font-size is-layout-flow wp-block-details-is-layout-flow\"><summary>Allgemein<\/summary>\n<p>28.03. Beschluss des SVO zur Gr\u00fcndung einer Tennisabteilung<br>30.03. Gr\u00fcndung der Tennisabteilung<br>Juni Einweihung von zwei Tennispl\u00e4tzen<br>Abteilungsleiter: Manfred Engelhard<br>Kassierer: Albrecht Burbach<br>Schriftf\u00fchrerin: Dorothea Ganatz<br>58 Mitglieder<\/p>\n<\/details>\n","protected":false},"excerpt":{"rendered":"<p>2024 2023 2022 2021 2020 2019 2018 2017 2015 2013 2009 2005 2004 2003 1999 1998 1997 1995 1991 1990 1989 1988 1982 1980 1979<\/p>\n","protected":false},"author":1,"featured_media":0,"parent":0,"menu_order":0,"comment_status":"closed","ping_status":"closed","template":"","meta":{"footnotes":""},"class_list":["post-129","page","type-page","status-publish","hentry"],"jetpack_sharing_enabled":true,"_links":{"self":[{"href":"https:\/\/tennis-oberschopfheim.de\/index.php?rest_route=\/wp\/v2\/pages\/129","targetHints":{"allow":["GET"]}}],"collection":[{"href":"https:\/\/tennis-oberschopfheim.de\/index.php?rest_route=\/wp\/v2\/pages"}],"about":[{"href":"https:\/\/tennis-oberschopfheim.de\/index.php?rest_route=\/wp\/v2\/types\/page"}],"author":[{"embeddable":true,"href":"https:\/\/tennis-oberschopfheim.de\/index.php?rest_route=\/wp\/v2\/users\/1"}],"replies":[{"embeddable":true,"href":"https:\/\/tennis-oberschopfheim.de\/index.php?rest_route=%2Fwp%2Fv2%2Fcomments&post=129"}],"version-history":[{"count":21,"href":"https:\/\/tennis-oberschopfheim.de\/index.php?rest_route=\/wp\/v2\/pages\/129\/revisions"}],"predecessor-version":[{"id":769,"href":"https:\/\/tennis-oberschopfheim.de\/index.php?rest_route=\/wp\/v2\/pages\/129\/revisions\/769"}],"wp:attachment":[{"href":"https:\/\/tennis-oberschopfheim.de\/index.php?rest_route=%2Fwp%2Fv2%2Fmedia&parent=129"}],"curies":[{"name":"wp","href":"https:\/\/api.w.org\/{rel}","templated":true}]}}